

{"id":9866,"date":"2024-08-27T13:11:14","date_gmt":"2024-08-27T10:11:14","guid":{"rendered":"https:\/\/tradingcult.com\/economic-calendar\/"},"modified":"2025-10-24T14:43:47","modified_gmt":"2025-10-24T11:43:47","slug":"economic-calendar","status":"publish","type":"page","link":"https:\/\/wp.tradingcult.com\/pt-br\/economic-calendar\/","title":{"rendered":"Calend\u00e1rio Econ\u00f4mico"},"content":{"rendered":"[vc_row type=&#8221;full_width_background&#8221; full_screen_row_position=&#8221;middle&#8221; column_margin=&#8221;default&#8221; equal_height=&#8221;yes&#8221; content_placement=&#8221;middle&#8221; column_direction=&#8221;default&#8221; column_direction_tablet=&#8221;column_reverse&#8221; column_direction_phone=&#8221;column_reverse&#8221; bg_image=&#8221;9660&#8243; bg_position=&#8221;left top&#8221; background_image_loading=&#8221;default&#8221; bg_repeat=&#8221;no-repeat&#8221; full_height=&#8221;yes&#8221; scene_position=&#8221;center&#8221; constrain_group_3=&#8221;yes&#8221; constrain_group_5=&#8221;yes&#8221; text_color=&#8221;dark&#8221; text_align=&#8221;left&#8221; row_border_radius=&#8221;none&#8221; row_border_radius_applies=&#8221;bg&#8221; overflow=&#8221;visible&#8221; overlay_strength=&#8221;0.3&#8243; gradient_direction=&#8221;left_to_right&#8221; enable_shape_divider=&#8221;true&#8221; shape_divider_color=&#8221;#051923&#8243; shape_divider_position=&#8221;bottom&#8221; shape_divider_height=&#8221;20%&#8221; bg_image_animation=&#8221;none&#8221; gradient_type=&#8221;default&#8221; shape_type=&#8221;curve_opacity&#8221;][vc_column right_padding_desktop=&#8221;15%&#8221; right_padding_tablet=&#8221;10%&#8221; right_padding_phone=&#8221;0%&#8221; column_element_direction_desktop=&#8221;default&#8221; column_element_spacing=&#8221;default&#8221; desktop_text_alignment=&#8221;default&#8221; tablet_text_alignment=&#8221;default&#8221; phone_text_alignment=&#8221;default&#8221; background_color_opacity=&#8221;1&#8243; background_hover_color_opacity=&#8221;1&#8243; column_backdrop_filter=&#8221;none&#8221; column_shadow=&#8221;none&#8221; column_border_radius=&#8221;none&#8221; column_link_target=&#8221;_self&#8221; column_position=&#8221;default&#8221; gradient_direction=&#8221;left_to_right&#8221; overlay_strength=&#8221;0.3&#8243; width=&#8221;1\/2&#8243; tablet_width_inherit=&#8221;default&#8221; animation_type=&#8221;default&#8221; bg_image_animation=&#8221;none&#8221; border_type=&#8221;simple&#8221; column_border_width=&#8221;none&#8221; column_border_style=&#8221;solid&#8221; column_padding_type=&#8221;advanced&#8221; gradient_type=&#8221;default&#8221;][vc_custom_heading text=&#8221;Calend\u00e1rio Econ\u00f4mico&#8221; font_container=&#8221;tag:h1|text_align:left|color:%23ffffff&#8221; use_theme_fonts=&#8221;yes&#8221; css=&#8221;&#8221;][vc_column_text css=&#8221;&#8221; max_width=&#8221;600&#8243; text_direction=&#8221;default&#8221;]O Calend\u00e1rio Econ\u00f4mico da TradingCult oferece aos traders uma vis\u00e3o geral abrangente e em tempo real de eventos e indicadores econ\u00f4micos cr\u00edticos. Fique \u00e0 frente dos fatores que movimentam o mercado e tome decis\u00f5es de trading informadas, capitalize as oportunidades emergentes e refine suas estrat\u00e9gias com insights valiosos sobre a atividade econ\u00f4mica atual e futura.[\/vc_column_text][divider line_type=&#8221;No Line&#8221; custom_height=&#8221;30&#8243;][vc_row_inner column_margin=&#8221;default&#8221; column_direction=&#8221;default&#8221; column_direction_tablet=&#8221;default&#8221; column_direction_phone=&#8221;default&#8221; text_align=&#8221;left&#8221; row_position=&#8221;default&#8221; row_position_tablet=&#8221;inherit&#8221; row_position_phone=&#8221;inherit&#8221; overflow=&#8221;visible&#8221; pointer_events=&#8221;all&#8221;][vc_column_inner column_padding=&#8221;no-extra-padding&#8221; column_padding_tablet=&#8221;inherit&#8221; column_padding_phone=&#8221;inherit&#8221; column_padding_position=&#8221;all&#8221; column_element_direction_desktop=&#8221;horizontal&#8221; column_element_direction_tablet=&#8221;horizontal&#8221; column_element_direction_phone=&#8221;horizontal&#8221; column_element_alignment=&#8221;center&#8221; column_element_spacing=&#8221;default&#8221; desktop_text_alignment=&#8221;default&#8221; tablet_text_alignment=&#8221;default&#8221; phone_text_alignment=&#8221;center&#8221; background_color_opacity=&#8221;1&#8243; background_hover_color_opacity=&#8221;1&#8243; column_backdrop_filter=&#8221;none&#8221; column_shadow=&#8221;none&#8221; column_border_radius=&#8221;none&#8221; column_link_target=&#8221;_self&#8221; overflow=&#8221;visible&#8221; gradient_direction=&#8221;left_to_right&#8221; overlay_strength=&#8221;0.3&#8243; width=&#8221;1\/1&#8243; tablet_width_inherit=&#8221;default&#8221; animation_type=&#8221;default&#8221; bg_image_animation=&#8221;none&#8221; border_type=&#8221;simple&#8221; column_border_width=&#8221;none&#8221; column_border_style=&#8221;solid&#8221; column_padding_type=&#8221;default&#8221; gradient_type=&#8221;default&#8221;][nectar_cta btn_style=&#8221;arrow-animation&#8221; heading_tag=&#8221;h5&#8243; button_color=&#8221;default&#8221; text_color=&#8221;#ffffff&#8221; text_color_hover=&#8221;#ffffff&#8221; button_border_color=&#8221;#ffffff&#8221; button_border_color_hover=&#8221;#ffffff&#8221; button_border_thickness=&#8221;2px&#8221; link_type=&#8221;regular&#8221; alignment=&#8221;left&#8221; alignment_tablet=&#8221;default&#8221; alignment_phone=&#8221;center&#8221; constrain_group_2=&#8221;yes&#8221; constrain_group_3=&#8221;yes&#8221; constrain_group_4=&#8221;yes&#8221; display=&#8221;inline&#8221; display_tablet=&#8221;inherit&#8221; display_phone=&#8221;inherit&#8221; link_text=&#8221;Come\u00e7ar&#8221; padding_top=&#8221;20&#8243; padding_bottom=&#8221;20&#8243; padding_left=&#8221;20&#8243; padding_right=&#8221;20&#8243; url=&#8221;https:\/\/my.tradingcult.com\/pt-BR\/sign-up&#8221; margin_left=&#8221;5&#8243; margin_right=&#8221;5&#8243;][\/vc_column_inner][\/vc_row_inner][\/vc_column][vc_column top_padding_phone=&#8221;0%&#8221; top_margin_phone=&#8221;0%&#8221; column_element_direction_desktop=&#8221;default&#8221; column_element_spacing=&#8221;default&#8221; desktop_text_alignment=&#8221;default&#8221; tablet_text_alignment=&#8221;default&#8221; phone_text_alignment=&#8221;default&#8221; background_color_opacity=&#8221;1&#8243; background_hover_color_opacity=&#8221;1&#8243; column_backdrop_filter=&#8221;none&#8221; column_shadow=&#8221;none&#8221; column_border_radius=&#8221;none&#8221; column_link_target=&#8221;_self&#8221; column_position=&#8221;default&#8221; gradient_direction=&#8221;left_to_right&#8221; overlay_strength=&#8221;0.3&#8243; width=&#8221;1\/2&#8243; tablet_width_inherit=&#8221;default&#8221; animation_type=&#8221;default&#8221; bg_image_animation=&#8221;none&#8221; border_type=&#8221;simple&#8221; column_border_width=&#8221;none&#8221; column_border_style=&#8221;solid&#8221; column_padding_type=&#8221;advanced&#8221; gradient_type=&#8221;default&#8221;][image_with_animation image_url=&#8221;9666&#8243; image_size=&#8221;full&#8221; animation_type=&#8221;entrance&#8221; animation=&#8221;None&#8221; animation_movement_type=&#8221;transform_y&#8221; animation_movement_intensity=&#8221;2&#8243; hover_animation=&#8221;none&#8221; alignment=&#8221;center&#8221; border_radius=&#8221;none&#8221; box_shadow=&#8221;none&#8221; image_loading=&#8221;skip-lazy-load&#8221; max_width=&#8221;100%&#8221; max_width_mobile=&#8221;default&#8221;][\/vc_column][\/vc_row][vc_row type=&#8221;in_container&#8221; full_screen_row_position=&#8221;middle&#8221; column_margin=&#8221;default&#8221; column_direction=&#8221;default&#8221; column_direction_tablet=&#8221;default&#8221; column_direction_phone=&#8221;default&#8221; scene_position=&#8221;center&#8221; text_color=&#8221;dark&#8221; text_align=&#8221;left&#8221; row_border_radius=&#8221;none&#8221; row_border_radius_applies=&#8221;bg&#8221; overflow=&#8221;visible&#8221; overlay_strength=&#8221;0.3&#8243; gradient_direction=&#8221;left_to_right&#8221; shape_divider_position=&#8221;bottom&#8221; bg_image_animation=&#8221;none&#8221; gradient_type=&#8221;default&#8221; shape_type=&#8221;&#8221;][vc_column column_padding=&#8221;no-extra-padding&#8221; column_padding_tablet=&#8221;inherit&#8221; column_padding_phone=&#8221;inherit&#8221; column_padding_position=&#8221;all&#8221; column_element_direction_desktop=&#8221;default&#8221; column_element_spacing=&#8221;default&#8221; desktop_text_alignment=&#8221;default&#8221; tablet_text_alignment=&#8221;default&#8221; phone_text_alignment=&#8221;default&#8221; background_color_opacity=&#8221;1&#8243; background_hover_color_opacity=&#8221;1&#8243; column_backdrop_filter=&#8221;none&#8221; column_shadow=&#8221;none&#8221; column_border_radius=&#8221;none&#8221; column_link_target=&#8221;_self&#8221; column_position=&#8221;default&#8221; gradient_direction=&#8221;left_to_right&#8221; overlay_strength=&#8221;0.3&#8243; width=&#8221;1\/1&#8243; tablet_width_inherit=&#8221;default&#8221; animation_type=&#8221;default&#8221; bg_image_animation=&#8221;none&#8221; border_type=&#8221;simple&#8221; column_border_width=&#8221;none&#8221; column_border_style=&#8221;solid&#8221;][vc_raw_html css=&#8221;&#8221;]JTNDJTIxLS0lMjBUcmFkaW5nVmlldyUyMFdpZGdldCUyMEJFR0lOJTIwLS0lM0UlMEElM0NkaXYlMjBjbGFzcyUzRCUyMnRyYWRpbmd2aWV3LXdpZGdldC1jb250YWluZXIlMjIlM0UlMEElMjAlMjAlM0NkaXYlMjBjbGFzcyUzRCUyMnRyYWRpbmd2aWV3LXdpZGdldC1jb250YWluZXJfX3dpZGdldCUyMiUzRSUzQyUyRmRpdiUzRSUwQSUyMCUyMCUzQ3NjcmlwdCUyMHR5cGUlM0QlMjJ0ZXh0JTJGamF2YXNjcmlwdCUyMiUyMHNyYyUzRCUyMmh0dHBzJTNBJTJGJTJGczMudHJhZGluZ3ZpZXcuY29tJTJGZXh0ZXJuYWwtZW1iZWRkaW5nJTJGZW1iZWQtd2lkZ2V0LWV2ZW50cy5qcyUyMiUyMGFzeW5jJTNFJTBBJTIwJTIwJTdCJTBBJTIwJTIwJTIyd2lkdGglMjIlM0ElMjAlMjIxMDAlMjUlMjIlMkMlMEElMjAlMjAlMjJoZWlnaHQlMjIlM0ElMjAlMjI3MDAlMjIlMkMlMEElMjAlMjAlMjJjb2xvclRoZW1lJTIyJTNBJTIwJTIyZGFyayUyMiUyQyUwQSUyMCUyMCUyMmlzVHJhbnNwYXJlbnQlMjIlM0ElMjB0cnVlJTJDJTBBJTIwJTIwJTIybG9jYWxlJTIyJTNBJTIwJTIyZW4lMjIlMkMlMEElMjAlMjAlMjJpbXBvcnRhbmNlRmlsdGVyJTIyJTNBJTIwJTIyLTElMkMwJTJDMSUyMiUyQyUwQSUyMCUyMCUyMmNvdW50cnlGaWx0ZXIlMjIlM0ElMjAlMjJhciUyQ2F1JTJDYnIlMkNjYSUyQ2NuJTJDZnIlMkNkZSUyQ2luJTJDaWQlMkNpdCUyQ2pwJTJDa3IlMkNteCUyQ3J1JTJDc2ElMkN6YSUyQ3RyJTJDZ2IlMkN1cyUyQ2V1JTIyJTBBJTdEJTBBJTIwJTIwJTNDJTJGc2NyaXB0JTNFJTBBJTNDJTJGZGl2JTNFJTBBJTNDJTIxLS0lMjBUcmFkaW5nVmlldyUyMFdpZGdldCUyMEVORCUyMC0tJTNF[\/vc_raw_html][\/vc_column][\/vc_row][vc_row type=&#8221;in_container&#8221; full_screen_row_position=&#8221;middle&#8221; column_margin=&#8221;default&#8221; column_direction=&#8221;default&#8221; column_direction_tablet=&#8221;default&#8221; column_direction_phone=&#8221;default&#8221; scene_position=&#8221;center&#8221; text_color=&#8221;dark&#8221; text_align=&#8221;left&#8221; row_border_radius=&#8221;none&#8221; row_border_radius_applies=&#8221;bg&#8221; overflow=&#8221;visible&#8221; overlay_strength=&#8221;0.3&#8243; gradient_direction=&#8221;left_to_right&#8221; shape_divider_position=&#8221;bottom&#8221; bg_image_animation=&#8221;none&#8221;][vc_column column_padding=&#8221;no-extra-padding&#8221; column_padding_tablet=&#8221;inherit&#8221; column_padding_phone=&#8221;inherit&#8221; column_padding_position=&#8221;all&#8221; column_element_direction_desktop=&#8221;default&#8221; column_element_spacing=&#8221;default&#8221; desktop_text_alignment=&#8221;default&#8221; tablet_text_alignment=&#8221;default&#8221; phone_text_alignment=&#8221;default&#8221; background_color_opacity=&#8221;1&#8243; background_hover_color_opacity=&#8221;1&#8243; column_backdrop_filter=&#8221;none&#8221; column_shadow=&#8221;none&#8221; column_border_radius=&#8221;none&#8221; column_link_target=&#8221;_self&#8221; column_position=&#8221;default&#8221; gradient_direction=&#8221;left_to_right&#8221; overlay_strength=&#8221;0.3&#8243; width=&#8221;1\/1&#8243; tablet_width_inherit=&#8221;default&#8221; animation_type=&#8221;default&#8221; bg_image_animation=&#8221;none&#8221; border_type=&#8221;simple&#8221; column_border_width=&#8221;none&#8221; column_border_style=&#8221;solid&#8221;][vc_column_text css=&#8221;&#8221; text_direction=&#8221;default&#8221;]Aviso de isen\u00e7\u00e3o de responsabilidade \u2013 Calend\u00e1rio Econ\u00f4mico<\/p>\n<p>Os hor\u00e1rios dos eventos econ\u00f4micos exibidos neste calend\u00e1rio podem ser ajustados automaticamente para o seu fuso hor\u00e1rio local, com base nas configura\u00e7\u00f5es do seu dispositivo e na sua localiza\u00e7\u00e3o de navega\u00e7\u00e3o. Observe que esses hor\u00e1rios podem n\u00e3o corresponder ao hor\u00e1rio do servidor utilizado na plataforma de negocia\u00e7\u00e3o da TradingCult.<\/p>\n<p>Recomendamos fortemente que os traders verifiquem os hor\u00e1rios dos eventos agendados diretamente na plataforma para garantir a precis\u00e3o e evitar discrep\u00e2ncias ao planejar negocia\u00e7\u00f5es durante an\u00fancios ou not\u00edcias econ\u00f4micas.<\/p>\n<p>Todos os dados dos eventos, incluindo hor\u00e1rios e impacto, s\u00e3o fornecidos por fontes terceiras e est\u00e3o sujeitos a altera\u00e7\u00f5es sem aviso pr\u00e9vio. A TradingCult n\u00e3o tem controle sobre essas atualiza\u00e7\u00f5es e n\u00e3o faz declara\u00e7\u00f5es nem oferece garantias quanto \u00e0 precis\u00e3o ou integridade das informa\u00e7\u00f5es fornecidas.<\/p>\n<p>A TradingCult n\u00e3o assume qualquer responsabilidade ou obriga\u00e7\u00e3o por perdas, falhas de conta ou resultados adversos decorrentes de eventos perdidos, alterados ou imprecisos, discrep\u00e2ncias de fuso hor\u00e1rio ou pela confian\u00e7a nas informa\u00e7\u00f5es exibidas neste calend\u00e1rio.[\/vc_column_text][\/vc_column][\/vc_row]\n","protected":false},"excerpt":{"rendered":"<p>[vc_row type=&#8221;full_width_background&#8221; full_screen_row_position=&#8221;middle&#8221; column_margin=&#8221;default&#8221; equal_height=&#8221;yes&#8221; content_placement=&#8221;middle&#8221; column_direction=&#8221;default&#8221; column_direction_tablet=&#8221;column_reverse&#8221; column_direction_phone=&#8221;column_reverse&#8221; bg_image=&#8221;9660&#8243; bg_position=&#8221;left top&#8221; background_image_loading=&#8221;default&#8221;&#8230;<\/p>\n","protected":false},"author":2,"featured_media":0,"parent":0,"menu_order":0,"comment_status":"closed","ping_status":"closed","template":"","meta":{"_seopress_robots_primary_cat":"","_seopress_titles_title":"%%post_title%% %%sep%% %%sitetitle%%","_seopress_titles_desc":"Track key economic events & indicators like GDP, interest rates & central bank news with TradingCult's Economic Calendar. Make informed trading decisions.","_seopress_robots_index":"","footnotes":""},"class_list":["post-9866","page","type-page","status-publish"],"_links":{"self":[{"href":"https:\/\/wp.tradingcult.com\/pt-br\/wp-json\/wp\/v2\/pages\/9866","targetHints":{"allow":["GET"]}}],"collection":[{"href":"https:\/\/wp.tradingcult.com\/pt-br\/wp-json\/wp\/v2\/pages"}],"about":[{"href":"https:\/\/wp.tradingcult.com\/pt-br\/wp-json\/wp\/v2\/types\/page"}],"author":[{"embeddable":true,"href":"https:\/\/wp.tradingcult.com\/pt-br\/wp-json\/wp\/v2\/users\/2"}],"replies":[{"embeddable":true,"href":"https:\/\/wp.tradingcult.com\/pt-br\/wp-json\/wp\/v2\/comments?post=9866"}],"version-history":[{"count":0,"href":"https:\/\/wp.tradingcult.com\/pt-br\/wp-json\/wp\/v2\/pages\/9866\/revisions"}],"wp:attachment":[{"href":"https:\/\/wp.tradingcult.com\/pt-br\/wp-json\/wp\/v2\/media?parent=9866"}],"curies":[{"name":"wp","href":"https:\/\/api.w.org\/{rel}","templated":true}]}}