

{"id":4544,"date":"2024-01-30T16:31:18","date_gmt":"2024-01-30T14:31:18","guid":{"rendered":"https:\/\/tradingcult.com\/blog\/"},"modified":"2025-07-01T14:20:04","modified_gmt":"2025-07-01T11:20:04","slug":"blog","status":"publish","type":"page","link":"https:\/\/wp.tradingcult.com\/fr\/blog\/","title":{"rendered":"Blog"},"content":{"rendered":"[vc_row type=\u00a0\u00bbfull_width_background\u00a0\u00bb full_screen_row_position=\u00a0\u00bbmiddle\u00a0\u00bb column_margin=\u00a0\u00bbcustom\u00a0\u00bb column_direction=\u00a0\u00bbdefault\u00a0\u00bb column_direction_tablet=\u00a0\u00bbdefault\u00a0\u00bb column_direction_phone=\u00a0\u00bbdefault\u00a0\u00bb scene_position=\u00a0\u00bbcenter\u00a0\u00bb top_padding=\u00a0\u00bb15%\u00a0\u00bb text_color=\u00a0\u00bblight\u00a0\u00bb text_align=\u00a0\u00bbleft\u00a0\u00bb row_border_radius=\u00a0\u00bb15px\u00a0\u00bb row_border_radius_applies=\u00a0\u00bbbg\u00a0\u00bb overflow=\u00a0\u00bbvisible\u00a0\u00bb overlay_strength=\u00a0\u00bb0.3&Prime; gradient_direction=\u00a0\u00bbleft_to_right\u00a0\u00bb shape_divider_position=\u00a0\u00bbbottom\u00a0\u00bb bg_image_animation=\u00a0\u00bbnone\u00a0\u00bb gradient_type=\u00a0\u00bbdefault\u00a0\u00bb shape_type=\u00a0\u00bb\u00a0\u00bb][vc_column right_padding_tablet=\u00a0\u00bb15&Prime; column_element_direction_desktop=\u00a0\u00bbdefault\u00a0\u00bb column_element_spacing=\u00a0\u00bbdefault\u00a0\u00bb desktop_text_alignment=\u00a0\u00bbdefault\u00a0\u00bb tablet_text_alignment=\u00a0\u00bbdefault\u00a0\u00bb phone_text_alignment=\u00a0\u00bbdefault\u00a0\u00bb background_color_opacity=\u00a0\u00bb1&Prime; background_hover_color_opacity=\u00a0\u00bb1&Prime; column_backdrop_filter=\u00a0\u00bbnone\u00a0\u00bb column_shadow=\u00a0\u00bbnone\u00a0\u00bb column_border_radius=\u00a0\u00bbnone\u00a0\u00bb column_link_target=\u00a0\u00bb_self\u00a0\u00bb column_position=\u00a0\u00bbdefault\u00a0\u00bb zindex=\u00a0\u00bb10&Prime; gradient_direction=\u00a0\u00bbleft_to_right\u00a0\u00bb overlay_strength=\u00a0\u00bb0.3&Prime; width=\u00a0\u00bb1\/1&Prime; tablet_width_inherit=\u00a0\u00bbdefault\u00a0\u00bb animation_type=\u00a0\u00bbdefault\u00a0\u00bb bg_image_animation=\u00a0\u00bbnone\u00a0\u00bb border_type=\u00a0\u00bbsimple\u00a0\u00bb column_border_width=\u00a0\u00bbnone\u00a0\u00bb column_border_style=\u00a0\u00bbsolid\u00a0\u00bb column_padding_type=\u00a0\u00bbadvanced\u00a0\u00bb gradient_type=\u00a0\u00bbdefault\u00a0\u00bb][nectar_post_grid post_type=\u00a0\u00bbpost\u00a0\u00bb blog_category=\u00a0\u00bball\u00a0\u00bb blog_starting_category=\u00a0\u00bball\u00a0\u00bb order=\u00a0\u00bbDESC\u00a0\u00bb orderby=\u00a0\u00bbdate\u00a0\u00bb pagination=\u00a0\u00bbnone\u00a0\u00bb columns=\u00a0\u00bb2&Prime; columns_tablet=\u00a0\u00bb1&Prime; columns_phone=\u00a0\u00bb1&Prime; grid_item_spacing=\u00a0\u00bb35px\u00a0\u00bb grid_item_height=\u00a0\u00bb30vh\u00a0\u00bb 2_col_masonry_layout=\u00a0\u00bbdefault\u00a0\u00bb image_size=\u00a0\u00bbfull\u00a0\u00bb aspect_ratio_image_size=\u00a0\u00bbyes\u00a0\u00bb custom_image_aspect_ratio=\u00a0\u00bbdefault\u00a0\u00bb image_loading=\u00a0\u00bbdefault\u00a0\u00bb animation=\u00a0\u00bbnone\u00a0\u00bb animation_stagger=\u00a0\u00bb90&Prime; animation_easing=\u00a0\u00bbdefault\u00a0\u00bb parallax_scrolling=\u00a0\u00bbyes\u00a0\u00bb heading_tag=\u00a0\u00bbdefault\u00a0\u00bb font_size_max=\u00a0\u00bb48px\u00a0\u00bb category_position=\u00a0\u00bbdefault\u00a0\u00bb display_excerpt=\u00a0\u00bbyes\u00a0\u00bb excerpt_display=\u00a0\u00bbdefault\u00a0\u00bb additional_meta_size=\u00a0\u00bbdefault\u00a0\u00bb custom_fields_location=\u00a0\u00bbbefore_post_meta\u00a0\u00bb grid_style=\u00a0\u00bbcontent_under_image\u00a0\u00bb content_under_image_text_align=\u00a0\u00bbleft\u00a0\u00bb text_color=\u00a0\u00bblight\u00a0\u00bb hover_effect=\u00a0\u00bbzoom\u00a0\u00bb border_radius=\u00a0\u00bb10px\u00a0\u00bb posts_per_page=\u00a0\u00bb2&Prime; display_type=\u00a0\u00bbgrid\u00a0\u00bb custom_font_size=\u00a0\u00bb2.4vw\u00a0\u00bb font_line_height=\u00a0\u00bb1.2&Prime;][\/vc_column][vc_column column_padding=\u00a0\u00bbno-extra-padding\u00a0\u00bb column_padding_tablet=\u00a0\u00bbinherit\u00a0\u00bb column_padding_phone=\u00a0\u00bbinherit\u00a0\u00bb column_padding_position=\u00a0\u00bball\u00a0\u00bb column_element_direction_desktop=\u00a0\u00bbdefault\u00a0\u00bb column_element_spacing=\u00a0\u00bbdefault\u00a0\u00bb desktop_text_alignment=\u00a0\u00bbdefault\u00a0\u00bb tablet_text_alignment=\u00a0\u00bbdefault\u00a0\u00bb phone_text_alignment=\u00a0\u00bbdefault\u00a0\u00bb background_color_opacity=\u00a0\u00bb1&Prime; background_hover_color_opacity=\u00a0\u00bb1&Prime; column_backdrop_filter=\u00a0\u00bbnone\u00a0\u00bb column_shadow=\u00a0\u00bbnone\u00a0\u00bb column_border_radius=\u00a0\u00bbnone\u00a0\u00bb column_link_target=\u00a0\u00bb_self\u00a0\u00bb column_position=\u00a0\u00bbdefault\u00a0\u00bb gradient_direction=\u00a0\u00bbleft_to_right\u00a0\u00bb overlay_strength=\u00a0\u00bb0.3&Prime; width=\u00a0\u00bb1\/1&Prime; tablet_width_inherit=\u00a0\u00bbdefault\u00a0\u00bb animation_type=\u00a0\u00bbdefault\u00a0\u00bb bg_image_animation=\u00a0\u00bbnone\u00a0\u00bb border_type=\u00a0\u00bbsimple\u00a0\u00bb column_border_width=\u00a0\u00bbnone\u00a0\u00bb column_border_style=\u00a0\u00bbsolid\u00a0\u00bb column_padding_type=\u00a0\u00bbdefault\u00a0\u00bb gradient_type=\u00a0\u00bbdefault\u00a0\u00bb][vc_row_inner column_margin=\u00a0\u00bbcustom\u00a0\u00bb column_margin_custom=\u00a0\u00bb70&Prime; column_direction=\u00a0\u00bbdefault\u00a0\u00bb column_direction_tablet=\u00a0\u00bbdefault\u00a0\u00bb column_direction_phone=\u00a0\u00bbdefault\u00a0\u00bb text_align=\u00a0\u00bbleft\u00a0\u00bb row_position=\u00a0\u00bbdefault\u00a0\u00bb row_position_tablet=\u00a0\u00bbinherit\u00a0\u00bb row_position_phone=\u00a0\u00bbinherit\u00a0\u00bb overflow=\u00a0\u00bbvisible\u00a0\u00bb pointer_events=\u00a0\u00bball\u00a0\u00bb][vc_column_inner column_padding=\u00a0\u00bbno-extra-padding\u00a0\u00bb column_padding_tablet=\u00a0\u00bbinherit\u00a0\u00bb column_padding_phone=\u00a0\u00bbinherit\u00a0\u00bb column_padding_position=\u00a0\u00bball\u00a0\u00bb column_element_direction_desktop=\u00a0\u00bbdefault\u00a0\u00bb column_element_spacing=\u00a0\u00bbdefault\u00a0\u00bb desktop_text_alignment=\u00a0\u00bbdefault\u00a0\u00bb tablet_text_alignment=\u00a0\u00bbdefault\u00a0\u00bb phone_text_alignment=\u00a0\u00bbdefault\u00a0\u00bb background_color_opacity=\u00a0\u00bb1&Prime; background_hover_color_opacity=\u00a0\u00bb1&Prime; column_backdrop_filter=\u00a0\u00bbnone\u00a0\u00bb column_shadow=\u00a0\u00bbnone\u00a0\u00bb column_border_radius=\u00a0\u00bbnone\u00a0\u00bb column_link_target=\u00a0\u00bb_self\u00a0\u00bb overflow=\u00a0\u00bbvisible\u00a0\u00bb gradient_direction=\u00a0\u00bbleft_to_right\u00a0\u00bb overlay_strength=\u00a0\u00bb0.3&Prime; width=\u00a0\u00bb1\/1&Prime; tablet_width_inherit=\u00a0\u00bbdefault\u00a0\u00bb animation_type=\u00a0\u00bbdefault\u00a0\u00bb bg_image_animation=\u00a0\u00bbnone\u00a0\u00bb border_type=\u00a0\u00bbsimple\u00a0\u00bb column_border_width=\u00a0\u00bbnone\u00a0\u00bb column_border_style=\u00a0\u00bbsolid\u00a0\u00bb][nectar_post_grid post_type=\u00a0\u00bbpost\u00a0\u00bb blog_category=\u00a0\u00bbblog\u00a0\u00bb blog_starting_category=\u00a0\u00bball\u00a0\u00bb order=\u00a0\u00bbDESC\u00a0\u00bb orderby=\u00a0\u00bbdate\u00a0\u00bb pagination=\u00a0\u00bbload-more\u00a0\u00bb button_color=\u00a0\u00bbaccent-color\u00a0\u00bb columns=\u00a0\u00bb4&Prime; columns_tablet=\u00a0\u00bb2&Prime; columns_phone=\u00a0\u00bb1&Prime; grid_item_spacing=\u00a0\u00bb35px\u00a0\u00bb grid_item_height=\u00a0\u00bb30vh\u00a0\u00bb 4_col_masonry_layout=\u00a0\u00bbdefault\u00a0\u00bb image_size=\u00a0\u00bblarge\u00a0\u00bb aspect_ratio_image_size=\u00a0\u00bbyes\u00a0\u00bb custom_image_aspect_ratio=\u00a0\u00bbdefault\u00a0\u00bb image_loading=\u00a0\u00bbdefault\u00a0\u00bb animation=\u00a0\u00bbnone\u00a0\u00bb animation_stagger=\u00a0\u00bb90&Prime; animation_easing=\u00a0\u00bbdefault\u00a0\u00bb heading_tag=\u00a0\u00bbdefault\u00a0\u00bb enable_indicator=\u00a0\u00bbyes\u00a0\u00bb mouse_indicator_style=\u00a0\u00bbsee-through\u00a0\u00bb mouse_indicator_text=\u00a0\u00bbread\u00a0\u00bb category_position=\u00a0\u00bbdefault\u00a0\u00bb additional_meta_size=\u00a0\u00bbdefault\u00a0\u00bb custom_fields_location=\u00a0\u00bbbefore_post_meta\u00a0\u00bb grid_style=\u00a0\u00bbcontent_under_image\u00a0\u00bb content_under_image_text_align=\u00a0\u00bbleft\u00a0\u00bb text_color=\u00a0\u00bblight\u00a0\u00bb hover_effect=\u00a0\u00bbzoom\u00a0\u00bb border_radius=\u00a0\u00bb10px\u00a0\u00bb read_more_button=\u00a0\u00bbyes\u00a0\u00bb posts_per_page=\u00a0\u00bb8&Prime; display_type=\u00a0\u00bbgrid\u00a0\u00bb post_offset=\u00a0\u00bb3&Prime;][\/vc_column_inner][\/vc_row_inner][\/vc_column][\/vc_row]\n","protected":false},"excerpt":{"rendered":"<p>[vc_row type=\u00a0\u00bbfull_width_background\u00a0\u00bb full_screen_row_position=\u00a0\u00bbmiddle\u00a0\u00bb column_margin=\u00a0\u00bbcustom\u00a0\u00bb column_direction=\u00a0\u00bbdefault\u00a0\u00bb column_direction_tablet=\u00a0\u00bbdefault\u00a0\u00bb column_direction_phone=\u00a0\u00bbdefault\u00a0\u00bb scene_position=\u00a0\u00bbcenter\u00a0\u00bb top_padding=\u00a0\u00bb15%\u00a0\u00bb text_color=\u00a0\u00bblight\u00a0\u00bb text_align=\u00a0\u00bbleft\u00a0\u00bb row_border_radius=\u00a0\u00bb15px\u00a0\u00bb row_border_radius_applies=\u00a0\u00bbbg\u00a0\u00bb&#8230;<\/p>\n","protected":false},"author":2,"featured_media":6658,"parent":0,"menu_order":0,"comment_status":"closed","ping_status":"closed","template":"","meta":{"_seopress_robots_primary_cat":"","_seopress_titles_title":"%%post_title%% %%sep%% %%sitetitle%%","_seopress_titles_desc":"Explorez nos derniers articles de blog avec une mise en page \u00e9l\u00e9gante et des images \u00e9poustouflantes. Lisez maintenant pour plus inspiration!","_seopress_robots_index":"","footnotes":""},"class_list":["post-4544","page","type-page","status-publish","has-post-thumbnail"],"_links":{"self":[{"href":"https:\/\/wp.tradingcult.com\/fr\/wp-json\/wp\/v2\/pages\/4544","targetHints":{"allow":["GET"]}}],"collection":[{"href":"https:\/\/wp.tradingcult.com\/fr\/wp-json\/wp\/v2\/pages"}],"about":[{"href":"https:\/\/wp.tradingcult.com\/fr\/wp-json\/wp\/v2\/types\/page"}],"author":[{"embeddable":true,"href":"https:\/\/wp.tradingcult.com\/fr\/wp-json\/wp\/v2\/users\/2"}],"replies":[{"embeddable":true,"href":"https:\/\/wp.tradingcult.com\/fr\/wp-json\/wp\/v2\/comments?post=4544"}],"version-history":[{"count":0,"href":"https:\/\/wp.tradingcult.com\/fr\/wp-json\/wp\/v2\/pages\/4544\/revisions"}],"wp:featuredmedia":[{"embeddable":true,"href":"https:\/\/wp.tradingcult.com\/fr\/wp-json\/wp\/v2\/media\/6658"}],"wp:attachment":[{"href":"https:\/\/wp.tradingcult.com\/fr\/wp-json\/wp\/v2\/media?parent=4544"}],"curies":[{"name":"wp","href":"https:\/\/api.w.org\/{rel}","templated":true}]}}