

{"id":9867,"date":"2024-08-27T13:11:14","date_gmt":"2024-08-27T10:11:14","guid":{"rendered":"https:\/\/tradingcult.com\/economic-calendar\/"},"modified":"2025-10-24T14:45:29","modified_gmt":"2025-10-24T11:45:29","slug":"economic-calendar","status":"publish","type":"page","link":"https:\/\/wp.tradingcult.com\/es\/economic-calendar\/","title":{"rendered":"Calendario Econ\u00f3mico"},"content":{"rendered":"[vc_row type=\u00bbfull_width_background\u00bb full_screen_row_position=\u00bbmiddle\u00bb column_margin=\u00bbdefault\u00bb equal_height=\u00bbyes\u00bb content_placement=\u00bbmiddle\u00bb column_direction=\u00bbdefault\u00bb column_direction_tablet=\u00bbcolumn_reverse\u00bb column_direction_phone=\u00bbcolumn_reverse\u00bb bg_image=\u00bb9660&#8243; bg_position=\u00bbleft top\u00bb background_image_loading=\u00bbdefault\u00bb bg_repeat=\u00bbno-repeat\u00bb full_height=\u00bbyes\u00bb scene_position=\u00bbcenter\u00bb constrain_group_3=\u00bbyes\u00bb constrain_group_5=\u00bbyes\u00bb text_color=\u00bbdark\u00bb text_align=\u00bbleft\u00bb row_border_radius=\u00bbnone\u00bb row_border_radius_applies=\u00bbbg\u00bb overflow=\u00bbvisible\u00bb overlay_strength=\u00bb0.3&#8243; gradient_direction=\u00bbleft_to_right\u00bb enable_shape_divider=\u00bbtrue\u00bb shape_divider_color=\u00bb#051923&#8243; shape_divider_position=\u00bbbottom\u00bb shape_divider_height=\u00bb20%\u00bb bg_image_animation=\u00bbnone\u00bb gradient_type=\u00bbdefault\u00bb shape_type=\u00bbcurve_opacity\u00bb][vc_column right_padding_desktop=\u00bb15%\u00bb right_padding_tablet=\u00bb10%\u00bb right_padding_phone=\u00bb0%\u00bb column_element_direction_desktop=\u00bbdefault\u00bb column_element_spacing=\u00bbdefault\u00bb desktop_text_alignment=\u00bbdefault\u00bb tablet_text_alignment=\u00bbdefault\u00bb phone_text_alignment=\u00bbdefault\u00bb background_color_opacity=\u00bb1&#8243; background_hover_color_opacity=\u00bb1&#8243; column_backdrop_filter=\u00bbnone\u00bb column_shadow=\u00bbnone\u00bb column_border_radius=\u00bbnone\u00bb column_link_target=\u00bb_self\u00bb column_position=\u00bbdefault\u00bb gradient_direction=\u00bbleft_to_right\u00bb overlay_strength=\u00bb0.3&#8243; width=\u00bb1\/2&#8243; tablet_width_inherit=\u00bbdefault\u00bb animation_type=\u00bbdefault\u00bb bg_image_animation=\u00bbnone\u00bb border_type=\u00bbsimple\u00bb column_border_width=\u00bbnone\u00bb column_border_style=\u00bbsolid\u00bb column_padding_type=\u00bbadvanced\u00bb gradient_type=\u00bbdefault\u00bb][vc_custom_heading text=\u00bbCalendario Econ\u00f3mico\u00bb font_container=\u00bbtag:h1|text_align:left|color:%23ffffff\u00bb use_theme_fonts=\u00bbyes\u00bb css=\u00bb\u00bb][vc_column_text css=\u00bb\u00bb max_width=\u00bb600&#8243; text_direction=\u00bbdefault\u00bb]El Calendario Econ\u00f3mico de TradingCult proporciona a los traders una visi\u00f3n completa y en tiempo real de los acontecimientos e indicadores econ\u00f3micos m\u00e1s importantes. Adel\u00e1ntese a los factores que mueven el mercado y tome decisiones de trading informadas, aproveche las oportunidades emergentes y perfeccione sus estrategias con valiosas perspectivas sobre la actividad econ\u00f3mica actual y futura.[\/vc_column_text][divider line_type=\u00bbNo Line\u00bb custom_height=\u00bb30&#8243;][vc_row_inner column_margin=\u00bbdefault\u00bb column_direction=\u00bbdefault\u00bb column_direction_tablet=\u00bbdefault\u00bb column_direction_phone=\u00bbdefault\u00bb text_align=\u00bbleft\u00bb row_position=\u00bbdefault\u00bb row_position_tablet=\u00bbinherit\u00bb row_position_phone=\u00bbinherit\u00bb overflow=\u00bbvisible\u00bb pointer_events=\u00bball\u00bb][vc_column_inner column_padding=\u00bbno-extra-padding\u00bb column_padding_tablet=\u00bbinherit\u00bb column_padding_phone=\u00bbinherit\u00bb column_padding_position=\u00bball\u00bb column_element_direction_desktop=\u00bbhorizontal\u00bb column_element_direction_tablet=\u00bbhorizontal\u00bb column_element_direction_phone=\u00bbhorizontal\u00bb column_element_alignment=\u00bbcenter\u00bb column_element_spacing=\u00bbdefault\u00bb desktop_text_alignment=\u00bbdefault\u00bb tablet_text_alignment=\u00bbdefault\u00bb phone_text_alignment=\u00bbcenter\u00bb background_color_opacity=\u00bb1&#8243; background_hover_color_opacity=\u00bb1&#8243; column_backdrop_filter=\u00bbnone\u00bb column_shadow=\u00bbnone\u00bb column_border_radius=\u00bbnone\u00bb column_link_target=\u00bb_self\u00bb overflow=\u00bbvisible\u00bb gradient_direction=\u00bbleft_to_right\u00bb overlay_strength=\u00bb0.3&#8243; width=\u00bb1\/1&#8243; tablet_width_inherit=\u00bbdefault\u00bb animation_type=\u00bbdefault\u00bb bg_image_animation=\u00bbnone\u00bb border_type=\u00bbsimple\u00bb column_border_width=\u00bbnone\u00bb column_border_style=\u00bbsolid\u00bb column_padding_type=\u00bbdefault\u00bb gradient_type=\u00bbdefault\u00bb][nectar_cta btn_style=\u00bbarrow-animation\u00bb heading_tag=\u00bbh5&#8243; button_color=\u00bbdefault\u00bb text_color=\u00bb#ffffff\u00bb text_color_hover=\u00bb#ffffff\u00bb button_border_color=\u00bb#ffffff\u00bb button_border_color_hover=\u00bb#ffffff\u00bb button_border_thickness=\u00bb2px\u00bb link_type=\u00bbregular\u00bb alignment=\u00bbleft\u00bb alignment_tablet=\u00bbdefault\u00bb alignment_phone=\u00bbcenter\u00bb constrain_group_2=\u00bbyes\u00bb constrain_group_3=\u00bbyes\u00bb constrain_group_4=\u00bbyes\u00bb display=\u00bbinline\u00bb display_tablet=\u00bbinherit\u00bb display_phone=\u00bbinherit\u00bb link_text=\u00bbComenzar\u00bb padding_top=\u00bb20&#8243; padding_bottom=\u00bb20&#8243; padding_left=\u00bb20&#8243; padding_right=\u00bb20&#8243; url=\u00bbhttps:\/\/my.tradingcult.com\/es\/sign-up\u00bb margin_left=\u00bb5&#8243; margin_right=\u00bb5&#8243;][\/vc_column_inner][\/vc_row_inner][\/vc_column][vc_column top_padding_phone=\u00bb0%\u00bb top_margin_phone=\u00bb0%\u00bb column_element_direction_desktop=\u00bbdefault\u00bb column_element_spacing=\u00bbdefault\u00bb desktop_text_alignment=\u00bbdefault\u00bb tablet_text_alignment=\u00bbdefault\u00bb phone_text_alignment=\u00bbdefault\u00bb background_color_opacity=\u00bb1&#8243; background_hover_color_opacity=\u00bb1&#8243; column_backdrop_filter=\u00bbnone\u00bb column_shadow=\u00bbnone\u00bb column_border_radius=\u00bbnone\u00bb column_link_target=\u00bb_self\u00bb column_position=\u00bbdefault\u00bb gradient_direction=\u00bbleft_to_right\u00bb overlay_strength=\u00bb0.3&#8243; width=\u00bb1\/2&#8243; tablet_width_inherit=\u00bbdefault\u00bb animation_type=\u00bbdefault\u00bb bg_image_animation=\u00bbnone\u00bb border_type=\u00bbsimple\u00bb column_border_width=\u00bbnone\u00bb column_border_style=\u00bbsolid\u00bb column_padding_type=\u00bbadvanced\u00bb gradient_type=\u00bbdefault\u00bb][image_with_animation image_url=\u00bb9666&#8243; image_size=\u00bbfull\u00bb animation_type=\u00bbentrance\u00bb animation=\u00bbNone\u00bb animation_movement_type=\u00bbtransform_y\u00bb animation_movement_intensity=\u00bb2&#8243; hover_animation=\u00bbnone\u00bb alignment=\u00bbcenter\u00bb border_radius=\u00bbnone\u00bb box_shadow=\u00bbnone\u00bb image_loading=\u00bbskip-lazy-load\u00bb max_width=\u00bb100%\u00bb max_width_mobile=\u00bbdefault\u00bb][\/vc_column][\/vc_row][vc_row type=\u00bbin_container\u00bb full_screen_row_position=\u00bbmiddle\u00bb column_margin=\u00bbdefault\u00bb column_direction=\u00bbdefault\u00bb column_direction_tablet=\u00bbdefault\u00bb column_direction_phone=\u00bbdefault\u00bb scene_position=\u00bbcenter\u00bb text_color=\u00bbdark\u00bb text_align=\u00bbleft\u00bb row_border_radius=\u00bbnone\u00bb row_border_radius_applies=\u00bbbg\u00bb overflow=\u00bbvisible\u00bb overlay_strength=\u00bb0.3&#8243; gradient_direction=\u00bbleft_to_right\u00bb shape_divider_position=\u00bbbottom\u00bb bg_image_animation=\u00bbnone\u00bb gradient_type=\u00bbdefault\u00bb shape_type=\u00bb\u00bb][vc_column column_padding=\u00bbno-extra-padding\u00bb column_padding_tablet=\u00bbinherit\u00bb column_padding_phone=\u00bbinherit\u00bb column_padding_position=\u00bball\u00bb column_element_direction_desktop=\u00bbdefault\u00bb column_element_spacing=\u00bbdefault\u00bb desktop_text_alignment=\u00bbdefault\u00bb tablet_text_alignment=\u00bbdefault\u00bb phone_text_alignment=\u00bbdefault\u00bb background_color_opacity=\u00bb1&#8243; background_hover_color_opacity=\u00bb1&#8243; column_backdrop_filter=\u00bbnone\u00bb column_shadow=\u00bbnone\u00bb column_border_radius=\u00bbnone\u00bb column_link_target=\u00bb_self\u00bb column_position=\u00bbdefault\u00bb gradient_direction=\u00bbleft_to_right\u00bb overlay_strength=\u00bb0.3&#8243; width=\u00bb1\/1&#8243; tablet_width_inherit=\u00bbdefault\u00bb animation_type=\u00bbdefault\u00bb bg_image_animation=\u00bbnone\u00bb border_type=\u00bbsimple\u00bb column_border_width=\u00bbnone\u00bb column_border_style=\u00bbsolid\u00bb][vc_raw_html css=\u00bb\u00bb]JTNDJTIxLS0lMjBUcmFkaW5nVmlldyUyMFdpZGdldCUyMEJFR0lOJTIwLS0lM0UlMEElM0NkaXYlMjBjbGFzcyUzRCUyMnRyYWRpbmd2aWV3LXdpZGdldC1jb250YWluZXIlMjIlM0UlMEElMjAlMjAlM0NkaXYlMjBjbGFzcyUzRCUyMnRyYWRpbmd2aWV3LXdpZGdldC1jb250YWluZXJfX3dpZGdldCUyMiUzRSUzQyUyRmRpdiUzRSUwQSUyMCUyMCUzQ3NjcmlwdCUyMHR5cGUlM0QlMjJ0ZXh0JTJGamF2YXNjcmlwdCUyMiUyMHNyYyUzRCUyMmh0dHBzJTNBJTJGJTJGczMudHJhZGluZ3ZpZXcuY29tJTJGZXh0ZXJuYWwtZW1iZWRkaW5nJTJGZW1iZWQtd2lkZ2V0LWV2ZW50cy5qcyUyMiUyMGFzeW5jJTNFJTBBJTIwJTIwJTdCJTBBJTIwJTIwJTIyd2lkdGglMjIlM0ElMjAlMjIxMDAlMjUlMjIlMkMlMEElMjAlMjAlMjJoZWlnaHQlMjIlM0ElMjAlMjI3MDAlMjIlMkMlMEElMjAlMjAlMjJjb2xvclRoZW1lJTIyJTNBJTIwJTIyZGFyayUyMiUyQyUwQSUyMCUyMCUyMmlzVHJhbnNwYXJlbnQlMjIlM0ElMjB0cnVlJTJDJTBBJTIwJTIwJTIybG9jYWxlJTIyJTNBJTIwJTIyZW4lMjIlMkMlMEElMjAlMjAlMjJpbXBvcnRhbmNlRmlsdGVyJTIyJTNBJTIwJTIyLTElMkMwJTJDMSUyMiUyQyUwQSUyMCUyMCUyMmNvdW50cnlGaWx0ZXIlMjIlM0ElMjAlMjJhciUyQ2F1JTJDYnIlMkNjYSUyQ2NuJTJDZnIlMkNkZSUyQ2luJTJDaWQlMkNpdCUyQ2pwJTJDa3IlMkNteCUyQ3J1JTJDc2ElMkN6YSUyQ3RyJTJDZ2IlMkN1cyUyQ2V1JTIyJTBBJTdEJTBBJTIwJTIwJTNDJTJGc2NyaXB0JTNFJTBBJTNDJTJGZGl2JTNFJTBBJTNDJTIxLS0lMjBUcmFkaW5nVmlldyUyMFdpZGdldCUyMEVORCUyMC0tJTNF[\/vc_raw_html][\/vc_column][\/vc_row][vc_row type=\u00bbin_container\u00bb full_screen_row_position=\u00bbmiddle\u00bb column_margin=\u00bbdefault\u00bb column_direction=\u00bbdefault\u00bb column_direction_tablet=\u00bbdefault\u00bb column_direction_phone=\u00bbdefault\u00bb scene_position=\u00bbcenter\u00bb text_color=\u00bbdark\u00bb text_align=\u00bbleft\u00bb row_border_radius=\u00bbnone\u00bb row_border_radius_applies=\u00bbbg\u00bb overflow=\u00bbvisible\u00bb overlay_strength=\u00bb0.3&#8243; gradient_direction=\u00bbleft_to_right\u00bb shape_divider_position=\u00bbbottom\u00bb bg_image_animation=\u00bbnone\u00bb][vc_column column_padding=\u00bbno-extra-padding\u00bb column_padding_tablet=\u00bbinherit\u00bb column_padding_phone=\u00bbinherit\u00bb column_padding_position=\u00bball\u00bb column_element_direction_desktop=\u00bbdefault\u00bb column_element_spacing=\u00bbdefault\u00bb desktop_text_alignment=\u00bbdefault\u00bb tablet_text_alignment=\u00bbdefault\u00bb phone_text_alignment=\u00bbdefault\u00bb background_color_opacity=\u00bb1&#8243; background_hover_color_opacity=\u00bb1&#8243; column_backdrop_filter=\u00bbnone\u00bb column_shadow=\u00bbnone\u00bb column_border_radius=\u00bbnone\u00bb column_link_target=\u00bb_self\u00bb column_position=\u00bbdefault\u00bb gradient_direction=\u00bbleft_to_right\u00bb overlay_strength=\u00bb0.3&#8243; width=\u00bb1\/1&#8243; tablet_width_inherit=\u00bbdefault\u00bb animation_type=\u00bbdefault\u00bb bg_image_animation=\u00bbnone\u00bb border_type=\u00bbsimple\u00bb column_border_width=\u00bbnone\u00bb column_border_style=\u00bbsolid\u00bb][vc_column_text css=\u00bb\u00bb text_direction=\u00bbdefault\u00bb]Descargo de responsabilidad \u2013 Calendario econ\u00f3mico<\/p>\n<p>Los horarios de los eventos econ\u00f3micos mostrados en este calendario pueden ajustarse autom\u00e1ticamente a su zona horaria local seg\u00fan la configuraci\u00f3n de su dispositivo y su ubicaci\u00f3n de navegaci\u00f3n. Tenga en cuenta que estos horarios pueden no corresponder con la hora del servidor utilizada en la plataforma de trading de TradingCult.<\/p>\n<p>Recomendamos encarecidamente que los traders verifiquen los horarios de los eventos programados directamente en la plataforma para garantizar su exactitud y evitar discrepancias al planificar operaciones durante anuncios o noticias econ\u00f3micas.<\/p>\n<p>Todos los datos de los eventos, incluidos el horario y el impacto, son proporcionados por fuentes externas y est\u00e1n sujetos a cambios sin previo aviso. TradingCult no tiene control sobre estas actualizaciones y no realiza declaraciones ni otorga garant\u00edas sobre la precisi\u00f3n o integridad de la informaci\u00f3n proporcionada.<\/p>\n<p>TradingCult no asume ninguna responsabilidad ni obligaci\u00f3n por p\u00e9rdidas, fallos de cuenta u otros resultados adversos derivados de eventos omitidos, modificados o inexactos, discrepancias de zona horaria o de la dependencia de la informaci\u00f3n mostrada en este calendario.[\/vc_column_text][\/vc_column][\/vc_row]\n","protected":false},"excerpt":{"rendered":"<p>[vc_row type=\u00bbfull_width_background\u00bb full_screen_row_position=\u00bbmiddle\u00bb column_margin=\u00bbdefault\u00bb equal_height=\u00bbyes\u00bb content_placement=\u00bbmiddle\u00bb column_direction=\u00bbdefault\u00bb column_direction_tablet=\u00bbcolumn_reverse\u00bb column_direction_phone=\u00bbcolumn_reverse\u00bb bg_image=\u00bb9660&#8243; bg_position=\u00bbleft top\u00bb background_image_loading=\u00bbdefault\u00bb&#8230;<\/p>\n","protected":false},"author":2,"featured_media":0,"parent":0,"menu_order":0,"comment_status":"closed","ping_status":"closed","template":"","meta":{"_seopress_robots_primary_cat":"","_seopress_titles_title":"%%post_title%% %%sep%% %%sitetitle%%","_seopress_titles_desc":"Track key economic events & indicators like GDP, interest rates & central bank news with TradingCult's Economic Calendar. Make informed trading decisions.","_seopress_robots_index":"","footnotes":""},"class_list":["post-9867","page","type-page","status-publish"],"_links":{"self":[{"href":"https:\/\/wp.tradingcult.com\/es\/wp-json\/wp\/v2\/pages\/9867","targetHints":{"allow":["GET"]}}],"collection":[{"href":"https:\/\/wp.tradingcult.com\/es\/wp-json\/wp\/v2\/pages"}],"about":[{"href":"https:\/\/wp.tradingcult.com\/es\/wp-json\/wp\/v2\/types\/page"}],"author":[{"embeddable":true,"href":"https:\/\/wp.tradingcult.com\/es\/wp-json\/wp\/v2\/users\/2"}],"replies":[{"embeddable":true,"href":"https:\/\/wp.tradingcult.com\/es\/wp-json\/wp\/v2\/comments?post=9867"}],"version-history":[{"count":0,"href":"https:\/\/wp.tradingcult.com\/es\/wp-json\/wp\/v2\/pages\/9867\/revisions"}],"wp:attachment":[{"href":"https:\/\/wp.tradingcult.com\/es\/wp-json\/wp\/v2\/media?parent=9867"}],"curies":[{"name":"wp","href":"https:\/\/api.w.org\/{rel}","templated":true}]}}